{"id":10294,"date":"2024-10-25T14:55:14","date_gmt":"2024-10-25T12:55:14","guid":{"rendered":"https:\/\/digitalekulturen.uni-mainz.de\/?page_id=10294"},"modified":"2026-01-08T12:57:16","modified_gmt":"2026-01-08T11:57:16","slug":"friedrich-donner","status":"publish","type":"page","link":"https:\/\/digitalekulturen.uni-mainz.de\/en\/friedrich-donner\/","title":{"rendered":"Friedrich Donner"},"content":{"rendered":"\n<div class=\"wp-block-columns is-layout-flex wp-container-core-columns-is-layout-9d6595d7 wp-block-columns-is-layout-flex\">\n<div class=\"wp-block-column is-layout-flow wp-block-column-is-layout-flow\"><jgu-base-heading react-props=\"{\n    &quot;index&quot;: &quot;Master in Sociology&quot;,\n    &quot;tags&quot;: {\n        &quot;htmlTag&quot;: &quot;h2&quot;,\n        &quot;classTag&quot;: &quot;&quot;,\n        &quot;tag&quot;: &quot;h2&quot;\n    },\n    &quot;heading&quot;: &quot;Friedrich Donner&quot;,\n    &quot;textAlign&quot;: &quot;left&quot;,\n    &quot;anchor&quot;: &quot;&quot;,\n    &quot;color&quot;: &quot;red&quot;\n}\"><\/jgu-base-heading>\n\n\n\n<p><strong><strong>Research Associate<\/strong><\/strong><\/p>\n\n\n<jgu-base-heading react-props=\"{\n    &quot;tags&quot;: {\n        &quot;htmlTag&quot;: &quot;h3&quot;,\n        &quot;classTag&quot;: &quot;&quot;,\n        &quot;tag&quot;: &quot;h3&quot;\n    },\n    &quot;heading&quot;: &quot;Research&quot;,\n    &quot;textAlign&quot;: &quot;left&quot;,\n    &quot;anchor&quot;: &quot;&quot;,\n    &quot;index&quot;: &quot;&quot;,\n    &quot;color&quot;: &quot;red&quot;\n}\"><\/jgu-base-heading>\n\n\n\n<ul class=\"wp-block-list\">\n<li>Crisis research<\/li>\n\n\n\n<li>Knowledge and expertise<\/li>\n\n\n\n<li>Video game research<\/li>\n\n\n\n<li>Online communities and digital interactions<\/li>\n<\/ul>\n\n\n<jgu-base-heading react-props=\"{\n    &quot;tags&quot;: {\n        &quot;htmlTag&quot;: &quot;h3&quot;,\n        &quot;classTag&quot;: &quot;&quot;,\n        &quot;tag&quot;: &quot;h3&quot;\n    },\n    &quot;heading&quot;: &quot;Biography&quot;,\n    &quot;textAlign&quot;: &quot;left&quot;,\n    &quot;anchor&quot;: &quot;&quot;,\n    &quot;index&quot;: &quot;&quot;,\n    &quot;color&quot;: &quot;red&quot;\n}\"><\/jgu-base-heading>\n\n\n\n<p>2023 Research assistant at the Institute of Geography at the University of Mainz<\/p>\n\n\n\n<p>2021 &#8211; 2023 Master in Sociology at Sciences Po Paris. Topic of the master thesis: &#8220;Understanding Destructive Behavior in Cooperative Settings: A Contextual-Affective Explanation for &#8216;Toxicity&#8217; in Online Gaming&#8221; <\/p>\n\n\n\n<p>2019 &#8211; 2020 Erasmus exchange at the Bo\u011fazi\u00e7i \u00dcniversitesi Istanbul<\/p>\n\n\n\n<p>2017 &#8211; 2021 B.A. in Economics and Social Sciences at Trinity College Dublin. Topic of the bachelor thesis: &#8220;Global Ideas, Local Communities: The Reproduction of Lifestyle Sports Trends Along Local Communities of Virtual and In-Person Ties &#8211; through the example of Parkour&#8221; <\/p>\n\n\n<jgu-base-heading react-props=\"{\n    &quot;tags&quot;: {\n        &quot;htmlTag&quot;: &quot;h3&quot;,\n        &quot;classTag&quot;: &quot;&quot;,\n        &quot;tag&quot;: &quot;h3&quot;\n    },\n    &quot;heading&quot;: &quot;Publications&quot;,\n    &quot;textAlign&quot;: &quot;left&quot;,\n    &quot;anchor&quot;: &quot;&quot;,\n    &quot;index&quot;: &quot;&quot;,\n    &quot;color&quot;: &quot;red&quot;\n}\"><\/jgu-base-heading>\n\n\n<jgu-base-collapsiblearea class=\"is-layout-flow wp-block-jgu-collapsible-area-is-layout-flow\" react-props=\"{&quot;visibleLines&quot;:5,&quot;collapse&quot;:&quot;always&quot;,&quot;collapsedHeight&quot;:150,&quot;content&quot;:&quot;\\n\\n&lt;p&gt;&lt;a href=\\&quot;https:\\\/\\\/www.researchgate.net\\\/profile\\\/Friedrich-Donner\\&quot;&gt;https:\\\/\\\/www.researchgate.net\\\/profile\\\/Friedrich-Donner&lt;\\\/a&gt;&lt;\\\/p&gt;\\n\\n\\n\\n&lt;p&gt;Donner, F. (2024). Structures that tilt: Understanding \\&quot;toxic\\&quot; behaviors in online gaming. &lt;em&gt;New Media &amp;amp; Society&lt;\\\/em&gt;, &lt;em&gt;27&lt;\\\/em&gt;(12), 6551-6568. https:\\\/\\\/doi. &lt;a href=\\&quot;https:\\\/\\\/doi.org\\\/10.1177\\\/14614448241270446\\&quot;&gt;org\\\/10.1177\\\/14614448241270446&lt;\\\/a&gt;  &lt;br\\\/&gt;&lt;br\\\/&gt;Brinks, V., &amp;amp; Donner, F. (2025). Approaching \\&quot;the expert\\&quot; in times of (digital) disruptions: Towards a geography of expertise. &lt;em&gt;Progress in Human Geography&lt;\\\/em&gt;, 49(4). &lt;a href=\\&quot;https:\\\/\\\/doi.org\\\/10.1177\\\/03091325251337717\\&quot;&gt;https:\\\/\\\/doi.org\\\/10.1177\\\/03091325251337717&lt;\\\/a&gt; &lt;\\\/p&gt;\\n\\n&quot;,&quot;className&quot;:&quot;alignwide &quot;}\"><\/jgu-base-collapsiblearea>\n\n<jgu-base-heading react-props=\"{\n    &quot;tags&quot;: {\n        &quot;htmlTag&quot;: &quot;h3&quot;,\n        &quot;classTag&quot;: &quot;&quot;,\n        &quot;tag&quot;: &quot;h3&quot;\n    },\n    &quot;heading&quot;: &quot;Conference Presentations&quot;,\n    &quot;textAlign&quot;: &quot;left&quot;,\n    &quot;anchor&quot;: &quot;&quot;,\n    &quot;index&quot;: &quot;&quot;,\n    &quot;color&quot;: &quot;red&quot;\n}\"><\/jgu-base-heading>\n\n\n<jgu-base-collapsiblearea class=\"is-layout-flow wp-block-jgu-collapsible-area-is-layout-flow\" react-props=\"{&quot;visibleLines&quot;:5,&quot;collapse&quot;:&quot;always&quot;,&quot;collapsedHeight&quot;:150,&quot;content&quot;:&quot;\\n\\n&lt;p&gt;Annual Meeting AK Digital Geographies 2025 (Frankfurt am Main, DE): \\&quot;Digital Geographies of Valuation: Platforms, Technologies, Narratives\\&quot;&lt;br\\\/&gt;Lecture: Amateur Aesthetics: turning value on its head&lt;br\\\/&gt;&lt;br\\\/&gt;RGS-IBG Annual International Conference 2025 (Birmingham, UK): \\&quot;Creative Geographies\\&quot;&lt;br\\\/&gt;Lecture: Geographies of Online Lay Expertise surrounding the German \\&quot;Energy Crisis\\&quot; of 2022+&lt;\\\/p&gt;\\n\\n\\n\\n&lt;p&gt;ECREA 2024 (Ljubljana, Slovenia): \\&quot;Communication &amp;amp; Social (Dis)order\\&quot;&lt;br\\\/&gt;Lecture: Structures that tilt: Understanding \\&quot;toxic\\&quot; behaviors in online gaming&lt;\\\/p&gt;\\n\\n\\n\\n&lt;p&gt;Annual Meeting AK Energy Research 2024 (Marburg, DE)&lt;br\\\/&gt;Lecture: The energy crisis online: On the performance of (lay) expertise&lt;\\\/p&gt;\\n\\n\\n\\n&lt;p&gt;Workshop-Tagung AK Digitale Geographien 2023 (Mainz, DE): \\&quot;Digitale Disruptionen\\&quot; &lt;br\\\/&gt;Presentation of the DFG project \\&quot;Die relationale Einbettung von &#039;Laien-Expert:innen&#039;: Geographies of digitally mediated expertise in times of &#039;crisis&#039;\\&quot; [with Verena Brinks]&lt;\\\/p&gt;\\n\\n&quot;,&quot;className&quot;:&quot;alignwide &quot;}\"><\/jgu-base-collapsiblearea><\/div>\n\n\n\n<div class=\"wp-block-column is-layout-flow wp-block-column-is-layout-flow\">\n<div class=\"wp-block-columns is-layout-flex wp-container-core-columns-is-layout-9d6595d7 wp-block-columns-is-layout-flex\">\n<div class=\"wp-block-column is-layout-flow wp-block-column-is-layout-flow\">\n<div class=\"wp-block-file\"><a href=\"https:\/\/digitalekulturen.uni-mainz.de\/wp-content\/uploads\/sites\/378\/2025\/02\/image.png\" class=\"wp-block-file__button wp-element-button\" download=\"\"><\/a><\/div>\n<\/div>\n\n\n\n<div class=\"wp-block-column is-layout-flow wp-block-column-is-layout-flow\"><jgu-base-idm-person react-props=\"{\n    &quot;id&quot;: &quot;307406&quot;,\n    &quot;link&quot;: &quot;false&quot;,\n    &quot;skipDetails&quot;: [\n        &quot;portrait&quot;\n    ],\n    &quot;organizationId&quot;: 0,\n    &quot;roleId&quot;: 0,\n    &quot;align&quot;: &quot;left&quot;,\n    &quot;color&quot;: &quot;default&quot;,\n    &quot;mode&quot;: &quot;edit&quot;,\n    &quot;linkType&quot;: &quot;false&quot;\n}\">\n        \n<\/jgu-base-idm-person>\n\n\n\n<p><\/p>\n<\/div>\n<\/div>\n<\/div>\n<\/div>\n\n<div style=\"height:546px\" aria-hidden=\"true\" class=\"wp-block-spacer\"><\/div>\n    <div style=\"display: none\">\n        \n    <\/div>","protected":false},"excerpt":{"rendered":"<p>Research Associate 2023 Research assistant at the Institute of Geography at the University of Mainz 2021 &#8211; 2023 Master in Sociology at Sciences Po Paris. Topic of the master thesis: &#8220;Understanding Destructive Behavior in Cooperative Settings: A Contextual-Affective Explanation for &#8216;Toxicity&#8217; in Online Gaming&#8221; 2019 &#8211; 2020 Erasmus exchange at the Bo\u011fazi\u00e7i \u00dcniversitesi Istanbul 2017 &hellip; <a href=\"https:\/\/digitalekulturen.uni-mainz.de\/en\/friedrich-donner\/\">Continued<\/a><\/p>\n","protected":false},"author":484,"featured_media":0,"parent":0,"menu_order":0,"comment_status":"closed","ping_status":"closed","template":"","meta":{"footnotes":""},"categories":[],"tags":[],"class_list":["post-10294","page","type-page","status-publish","hentry"],"content_raw":"<!-- wp:columns -->\n<div class=\"wp-block-columns\"><!-- wp:column -->\n<div class=\"wp-block-column\"><!-- wp:jgu\/heading {\"index\":\"Master in Sociology\",\"tags\":{\"htmlTag\":\"h2\",\"classTag\":\"\",\"tag\":\"h2\"},\"heading\":\"Friedrich Donner\"} \/-->\n\n<!-- wp:paragraph {\"translatedWithWPMLTM\":\"1\"} -->\n<p><strong><strong>Research Associate<\/strong><\/strong><\/p>\n<!-- \/wp:paragraph -->\n\n<!-- wp:jgu\/heading {\"tags\":{\"htmlTag\":\"h3\",\"classTag\":\"\",\"tag\":\"h3\"},\"heading\":\"Research\"} \/-->\n\n<!-- wp:list -->\n<ul><!-- wp:list-item {\"translatedWithWPMLTM\":\"1\"} -->\n<li>Crisis research<\/li>\n<!-- \/wp:list-item -->\n\n<!-- wp:list-item {\"translatedWithWPMLTM\":\"1\"} -->\n<li>Knowledge and expertise<\/li>\n<!-- \/wp:list-item -->\n\n<!-- wp:list-item {\"translatedWithWPMLTM\":\"1\"} -->\n<li>Video game research<\/li>\n<!-- \/wp:list-item -->\n\n<!-- wp:list-item {\"translatedWithWPMLTM\":\"1\"} -->\n<li>Online communities and digital interactions<\/li>\n<!-- \/wp:list-item --><\/ul>\n<!-- \/wp:list -->\n\n<!-- wp:jgu\/heading {\"tags\":{\"htmlTag\":\"h3\",\"classTag\":\"\",\"tag\":\"h3\"},\"heading\":\"Biography\"} \/-->\n\n<!-- wp:paragraph {\"translatedWithWPMLTM\":\"1\"} -->\n<p>2023 Research assistant at the Institute of Geography at the University of Mainz<\/p>\n<!-- \/wp:paragraph -->\n\n<!-- wp:paragraph {\"translatedWithWPMLTM\":\"1\"} -->\n<p>2021 - 2023 Master in Sociology at Sciences Po Paris. Topic of the master thesis: \"Understanding Destructive Behavior in Cooperative Settings: A Contextual-Affective Explanation for 'Toxicity' in Online Gaming\" <\/p>\n<!-- \/wp:paragraph -->\n\n<!-- wp:paragraph {\"translatedWithWPMLTM\":\"1\"} -->\n<p>2019 - 2020 Erasmus exchange at the Bo\u011fazi\u00e7i \u00dcniversitesi Istanbul<\/p>\n<!-- \/wp:paragraph -->\n\n<!-- wp:paragraph {\"translatedWithWPMLTM\":\"1\"} -->\n<p>2017 - 2021 B.A. in Economics and Social Sciences at Trinity College Dublin. Topic of the bachelor thesis: \"Global Ideas, Local Communities: The Reproduction of Lifestyle Sports Trends Along Local Communities of Virtual and In-Person Ties - through the example of Parkour\" <\/p>\n<!-- \/wp:paragraph -->\n\n<!-- wp:jgu\/heading {\"tags\":{\"htmlTag\":\"h3\",\"classTag\":\"\",\"tag\":\"h3\"},\"heading\":\"Publications\"} \/-->\n\n<!-- wp:jgu\/collapsible-area -->\n<!-- wp:paragraph -->\n<p><a href=\"https:\/\/www.researchgate.net\/profile\/Friedrich-Donner\">https:\/\/www.researchgate.net\/profile\/Friedrich-Donner<\/a><\/p>\n<!-- \/wp:paragraph -->\n\n<!-- wp:paragraph {\"translatedWithWPMLTM\":\"1\"} -->\n<p>Donner, F. (2024). Structures that tilt: Understanding \"toxic\" behaviors in online gaming. <em>New Media &amp; Society<\/em>, <em>27<\/em>(12), 6551-6568. https:\/\/doi. <a href=\"https:\/\/doi.org\/10.1177\/14614448241270446\">org\/10.1177\/14614448241270446<\/a>  <br\/><br\/>Brinks, V., &amp; Donner, F. (2025). Approaching \"the expert\" in times of (digital) disruptions: Towards a geography of expertise. <em>Progress in Human Geography<\/em>, 49(4). <a href=\"https:\/\/doi.org\/10.1177\/03091325251337717\">https:\/\/doi.org\/10.1177\/03091325251337717<\/a> <\/p>\n<!-- \/wp:paragraph -->\n<!-- \/wp:jgu\/collapsible-area -->\n\n<!-- wp:jgu\/heading {\"tags\":{\"htmlTag\":\"h3\",\"classTag\":\"\",\"tag\":\"h3\"},\"heading\":\"Conference Presentations\"} \/-->\n\n<!-- wp:jgu\/collapsible-area -->\n<!-- wp:paragraph {\"translatedWithWPMLTM\":\"1\"} -->\n<p>Annual Meeting AK Digital Geographies 2025 (Frankfurt am Main, DE): \"Digital Geographies of Valuation: Platforms, Technologies, Narratives\"<br\/>Lecture: Amateur Aesthetics: turning value on its head<br\/><br\/>RGS-IBG Annual International Conference 2025 (Birmingham, UK): \"Creative Geographies\"<br\/>Lecture: Geographies of Online Lay Expertise surrounding the German \"Energy Crisis\" of 2022+<\/p>\n<!-- \/wp:paragraph -->\n\n<!-- wp:paragraph {\"translatedWithWPMLTM\":\"1\"} -->\n<p>ECREA 2024 (Ljubljana, Slovenia): \"Communication &amp; Social (Dis)order\"<br\/>Lecture: Structures that tilt: Understanding \"toxic\" behaviors in online gaming<\/p>\n<!-- \/wp:paragraph -->\n\n<!-- wp:paragraph {\"translatedWithWPMLTM\":\"1\"} -->\n<p>Annual Meeting AK Energy Research 2024 (Marburg, DE)<br\/>Lecture: The energy crisis online: On the performance of (lay) expertise<\/p>\n<!-- \/wp:paragraph -->\n\n<!-- wp:paragraph {\"translatedWithWPMLTM\":\"1\"} -->\n<p>Workshop-Tagung AK Digitale Geographien 2023 (Mainz, DE): \"Digitale Disruptionen\" <br\/>Presentation of the DFG project \"Die relationale Einbettung von 'Laien-Expert:innen': Geographies of digitally mediated expertise in times of 'crisis'\" [with Verena Brinks]<\/p>\n<!-- \/wp:paragraph -->\n<!-- \/wp:jgu\/collapsible-area --><\/div>\n<!-- \/wp:column -->\n\n<!-- wp:column -->\n<div class=\"wp-block-column\"><!-- wp:columns -->\n<div class=\"wp-block-columns\"><!-- wp:column -->\n<div class=\"wp-block-column\"><!-- wp:file {\"id\":9504,\"href\":\"https:\/\/cms.zdv.uni-mainz.de\/fb09-digitalekulturen\/wp-content\/uploads\/sites\/378\/2025\/02\/image.png\",\"translatedWithWPMLTM\":\"1\"} -->\n<div class=\"wp-block-file\"><a href=\"https:\/\/cms.zdv.uni-mainz.de\/fb09-digitalekulturen\/wp-content\/uploads\/sites\/378\/2025\/02\/image.png\" class=\"wp-block-file__button wp-element-button\" download=\"\"><\/a><\/div>\n<!-- \/wp:file --><\/div>\n<!-- \/wp:column -->\n\n<!-- wp:column -->\n<div class=\"wp-block-column\"><!-- wp:jgu\/idm-person {\"id\":\"307406\",\"link\":\"false\",\"skipDetails\":[\"portrait\"]} \/-->\n\n<!-- wp:paragraph -->\n<p><\/p>\n<!-- \/wp:paragraph --><\/div>\n<!-- \/wp:column --><\/div>\n<!-- \/wp:columns --><\/div>\n<!-- \/wp:column --><\/div>\n<!-- \/wp:columns --><!-- wp:spacer {\"height\":\"546px\"} -->\n<div style=\"height:546px\" aria-hidden=\"true\" class=\"wp-block-spacer\"><\/div>\n<!-- \/wp:spacer -->","_links":{"self":[{"href":"https:\/\/digitalekulturen.uni-mainz.de\/en\/wp-json\/wp\/v2\/pages\/10294","targetHints":{"allow":["GET"]}}],"collection":[{"href":"https:\/\/digitalekulturen.uni-mainz.de\/en\/wp-json\/wp\/v2\/pages"}],"about":[{"href":"https:\/\/digitalekulturen.uni-mainz.de\/en\/wp-json\/wp\/v2\/types\/page"}],"author":[{"embeddable":true,"href":"https:\/\/digitalekulturen.uni-mainz.de\/en\/wp-json\/wp\/v2\/users\/484"}],"replies":[{"embeddable":true,"href":"https:\/\/digitalekulturen.uni-mainz.de\/en\/wp-json\/wp\/v2\/comments?post=10294"}],"version-history":[{"count":4,"href":"https:\/\/digitalekulturen.uni-mainz.de\/en\/wp-json\/wp\/v2\/pages\/10294\/revisions"}],"predecessor-version":[{"id":10602,"href":"https:\/\/digitalekulturen.uni-mainz.de\/en\/wp-json\/wp\/v2\/pages\/10294\/revisions\/10602"}],"wp:attachment":[{"href":"https:\/\/digitalekulturen.uni-mainz.de\/en\/wp-json\/wp\/v2\/media?parent=10294"}],"wp:term":[{"taxonomy":"category","embeddable":true,"href":"https:\/\/digitalekulturen.uni-mainz.de\/en\/wp-json\/wp\/v2\/categories?post=10294"},{"taxonomy":"post_tag","embeddable":true,"href":"https:\/\/digitalekulturen.uni-mainz.de\/en\/wp-json\/wp\/v2\/tags?post=10294"}],"curies":[{"name":"wp","href":"https:\/\/api.w.org\/{rel}","templated":true}]}}